{"id":749,"date":"2025-03-14T12:24:34","date_gmt":"2025-03-14T12:24:34","guid":{"rendered":"https:\/\/oleolaboratorio.com\/?page_id=749"},"modified":"2025-10-29T09:04:13","modified_gmt":"2025-10-29T09:04:13","slug":"quienes-somos","status":"publish","type":"page","link":"https:\/\/oleolaboratorio.com\/en\/quienes-somos\/","title":{"rendered":"Quienes Somos"},"content":{"rendered":"<div data-elementor-type=\"wp-page\" data-elementor-id=\"749\" class=\"elementor elementor-749\">\n\t\t\t\t<div class=\"elementor-element elementor-element-5dd5f39d e-flex e-con-boxed e-con e-parent\" data-id=\"5dd5f39d\" data-element_type=\"container\" data-settings=\"{&quot;background_background&quot;:&quot;slideshow&quot;,&quot;background_slideshow_gallery&quot;:[{&quot;id&quot;:664,&quot;url&quot;:&quot;https:\\\/\\\/oleolaboratorio.com\\\/wp-content\\\/uploads\\\/2025\\\/03\\\/olivar-2IA.jpg&quot;},{&quot;id&quot;:663,&quot;url&quot;:&quot;https:\\\/\\\/oleolaboratorio.com\\\/wp-content\\\/uploads\\\/2025\\\/03\\\/olivar-1.jpg&quot;},{&quot;id&quot;:648,&quot;url&quot;:&quot;https:\\\/\\\/oleolaboratorio.com\\\/wp-content\\\/uploads\\\/2025\\\/03\\\/aceite-envasado.jpg&quot;},{&quot;id&quot;:649,&quot;url&quot;:&quot;https:\\\/\\\/oleolaboratorio.com\\\/wp-content\\\/uploads\\\/2025\\\/03\\\/aceite-laboratori5.jpg&quot;}],&quot;background_slideshow_loop&quot;:&quot;yes&quot;,&quot;background_slideshow_slide_duration&quot;:5000,&quot;background_slideshow_slide_transition&quot;:&quot;fade&quot;,&quot;background_slideshow_transition_duration&quot;:500}\">\n\t\t\t\t\t<div class=\"e-con-inner\">\n\t\t\t\t<div class=\"elementor-element elementor-element-6341dd4c elementor-widget elementor-widget-heading\" data-id=\"6341dd4c\" data-element_type=\"widget\" data-widget_type=\"heading.default\">\n\t\t\t\t<div class=\"elementor-widget-container\">\n\t\t\t\t\t<h1 class=\"elementor-heading-title elementor-size-default\">Quienes somos <\/h1>\t\t\t\t<\/div>\n\t\t\t\t<\/div>\n\t\t\t\t<div class=\"elementor-element elementor-element-63c1bfb3 elementor-widget elementor-widget-heading\" data-id=\"63c1bfb3\" data-element_type=\"widget\" data-widget_type=\"heading.default\">\n\t\t\t\t<div class=\"elementor-widget-container\">\n\t\t\t\t\t<h2 class=\"elementor-heading-title elementor-size-default\">Tu laboratorio de confianza en el mundo del aceite<\/h2>\t\t\t\t<\/div>\n\t\t\t\t<\/div>\n\t\t\t\t\t<\/div>\n\t\t\t\t<\/div>\n\t\t<div class=\"elementor-element elementor-element-123f553c e-flex e-con-boxed e-con e-parent\" data-id=\"123f553c\" data-element_type=\"container\">\n\t\t\t\t\t<div class=\"e-con-inner\">\n\t\t\t\t<div class=\"elementor-element elementor-element-6e846588 elementor-widget elementor-widget-spacer\" data-id=\"6e846588\" data-element_type=\"widget\" data-widget_type=\"spacer.default\">\n\t\t\t\t<div class=\"elementor-widget-container\">\n\t\t\t\t\t\t\t<div class=\"elementor-spacer\">\n\t\t\t<div class=\"elementor-spacer-inner\"><\/div>\n\t\t<\/div>\n\t\t\t\t\t\t<\/div>\n\t\t\t\t<\/div>\n\t\t\t\t\t<\/div>\n\t\t\t\t<\/div>\n\t\t<div class=\"elementor-element elementor-element-1bb23cd5 e-flex e-con-boxed e-con e-parent\" data-id=\"1bb23cd5\" data-element_type=\"container\">\n\t\t\t\t\t<div class=\"e-con-inner\">\n\t\t\t\t<div class=\"elementor-element elementor-element-545dc169 elementor-widget__width-initial elementor-widget elementor-widget-text-editor\" data-id=\"545dc169\" data-element_type=\"widget\" data-widget_type=\"text-editor.default\">\n\t\t\t\t<div class=\"elementor-widget-container\">\n\t\t\t\t\t\t\t\t\t<h3>Con\u00f3ncenos<\/h3><p><span style=\"font-size: 19px;\">En\u00a0<strong>Oleolab<\/strong>\u00a0disponemos de una gran oferta de<strong>\u00a0servicios anal\u00edticos<\/strong>\u00a0tanto de\u00a0<strong>aceites de oliva<\/strong>\u00a0como de grasas vegetales. Para ello contamos en nuestras instalaciones con\u00a0<strong>equipos de \u00faltima generaci\u00f3n<\/strong>\u00a0sujeto a\u00a0<strong>exhaustivos controles<\/strong>, m\u00e9todos de\u00a0<strong>an\u00e1lisis validados<\/strong>\u00a0basados en normas internacionales y un riguroso control que garantiza nuestros resultados seg\u00fan norma UNE EN ISO 17025.<\/span><\/p><p data-start=\"1479\" data-end=\"1594\">\u00a0<\/p>\t\t\t\t\t\t\t\t<\/div>\n\t\t\t\t<\/div>\n\t\t<div class=\"elementor-element elementor-element-7b0d81c6 e-con-full e-flex e-con e-child\" data-id=\"7b0d81c6\" data-element_type=\"container\">\n\t\t\t\t<div class=\"elementor-element elementor-element-5d2d9e18 elementor-arrows-position-inside elementor-pagination-position-outside elementor-widget elementor-widget-image-carousel\" data-id=\"5d2d9e18\" data-element_type=\"widget\" data-settings=\"{&quot;slides_to_show&quot;:&quot;3&quot;,&quot;navigation&quot;:&quot;both&quot;,&quot;autoplay&quot;:&quot;yes&quot;,&quot;pause_on_hover&quot;:&quot;yes&quot;,&quot;pause_on_interaction&quot;:&quot;yes&quot;,&quot;autoplay_speed&quot;:5000,&quot;infinite&quot;:&quot;yes&quot;,&quot;speed&quot;:500}\" data-widget_type=\"image-carousel.default\">\n\t\t\t\t<div class=\"elementor-widget-container\">\n\t\t\t\t\t\t\t<div class=\"elementor-image-carousel-wrapper swiper\" role=\"region\" aria-roledescription=\"carousel\" aria-label=\"Carrusel de im\u00e1genes\" dir=\"ltr\">\n\t\t\t<div class=\"elementor-image-carousel swiper-wrapper\" aria-live=\"off\">\n\t\t\t\t\t\t\t\t<div class=\"swiper-slide\" role=\"group\" aria-roledescription=\"slide\" aria-label=\"1 de 8\"><figure class=\"swiper-slide-inner\"><img decoding=\"async\" class=\"swiper-slide-image\" src=\"https:\/\/oleolaboratorio.com\/wp-content\/uploads\/2025\/03\/servicios-150x150.jpg\" alt=\"servicios\" \/><\/figure><\/div><div class=\"swiper-slide\" role=\"group\" aria-roledescription=\"slide\" aria-label=\"2 de 8\"><figure class=\"swiper-slide-inner\"><img decoding=\"async\" class=\"swiper-slide-image\" src=\"https:\/\/oleolaboratorio.com\/wp-content\/uploads\/2025\/03\/semillas-frutos-secos3-150x150.jpg\" alt=\"semillas-frutos-secos3\" \/><\/figure><\/div><div class=\"swiper-slide\" role=\"group\" aria-roledescription=\"slide\" aria-label=\"3 de 8\"><figure class=\"swiper-slide-inner\"><img decoding=\"async\" class=\"swiper-slide-image\" src=\"https:\/\/oleolaboratorio.com\/wp-content\/uploads\/2025\/03\/otros-aceites-150x150.jpg\" alt=\"otros-aceites\" \/><\/figure><\/div><div class=\"swiper-slide\" role=\"group\" aria-roledescription=\"slide\" aria-label=\"4 de 8\"><figure class=\"swiper-slide-inner\"><img decoding=\"async\" class=\"swiper-slide-image\" src=\"https:\/\/oleolaboratorio.com\/wp-content\/uploads\/2025\/03\/cata-aceite-oliva-150x150.jpg\" alt=\"cata-aceite-oliva\" \/><\/figure><\/div><div class=\"swiper-slide\" role=\"group\" aria-roledescription=\"slide\" aria-label=\"5 de 8\"><figure class=\"swiper-slide-inner\"><img decoding=\"async\" class=\"swiper-slide-image\" src=\"https:\/\/oleolaboratorio.com\/wp-content\/uploads\/2025\/03\/aceitunas-4-150x150.jpg\" alt=\"aceitunas-4\" \/><\/figure><\/div><div class=\"swiper-slide\" role=\"group\" aria-roledescription=\"slide\" aria-label=\"6 de 8\"><figure class=\"swiper-slide-inner\"><img decoding=\"async\" class=\"swiper-slide-image\" src=\"https:\/\/oleolaboratorio.com\/wp-content\/uploads\/2025\/03\/aceitunas2-150x150.jpg\" alt=\"aceitunas2\" \/><\/figure><\/div><div class=\"swiper-slide\" role=\"group\" aria-roledescription=\"slide\" aria-label=\"7 de 8\"><figure class=\"swiper-slide-inner\"><img decoding=\"async\" class=\"swiper-slide-image\" src=\"https:\/\/oleolaboratorio.com\/wp-content\/uploads\/2025\/03\/cata-aceite-oliva2-150x150.webp\" alt=\"cata-aceite-oliva2\" \/><\/figure><\/div><div class=\"swiper-slide\" role=\"group\" aria-roledescription=\"slide\" aria-label=\"8 de 8\"><figure class=\"swiper-slide-inner\"><img decoding=\"async\" class=\"swiper-slide-image\" src=\"https:\/\/oleolaboratorio.com\/wp-content\/uploads\/2025\/03\/aceite-2-150x150.jpg\" alt=\"aceite-2\" \/><\/figure><\/div>\t\t\t<\/div>\n\t\t\t\t\t\t\t\t\t\t\t\t<div class=\"elementor-swiper-button elementor-swiper-button-prev\" role=\"button\" tabindex=\"0\">\n\t\t\t\t\t\t<svg aria-hidden=\"true\" class=\"e-font-icon-svg e-eicon-chevron-left\" viewbox=\"0 0 1000 1000\" xmlns=\"http:\/\/www.w3.org\/2000\/svg\"><path d=\"M646 125C629 125 613 133 604 142L308 442C296 454 292 471 292 487 292 504 296 521 308 533L604 854C617 867 629 875 646 875 663 875 679 871 692 858 704 846 713 829 713 812 713 796 708 779 692 767L438 487 692 225C700 217 708 204 708 187 708 171 704 154 692 142 675 129 663 125 646 125Z\"><\/path><\/svg>\t\t\t\t\t<\/div>\n\t\t\t\t\t<div class=\"elementor-swiper-button elementor-swiper-button-next\" role=\"button\" tabindex=\"0\">\n\t\t\t\t\t\t<svg aria-hidden=\"true\" class=\"e-font-icon-svg e-eicon-chevron-right\" viewbox=\"0 0 1000 1000\" xmlns=\"http:\/\/www.w3.org\/2000\/svg\"><path d=\"M696 533C708 521 713 504 713 487 713 471 708 454 696 446L400 146C388 133 375 125 354 125 338 125 325 129 313 142 300 154 292 171 292 187 292 204 296 221 308 233L563 492 304 771C292 783 288 800 288 817 288 833 296 850 308 863 321 871 338 875 354 875 371 875 388 867 400 854L696 533Z\"><\/path><\/svg>\t\t\t\t\t<\/div>\n\t\t\t\t\n\t\t\t\t\t\t\t\t\t<div class=\"swiper-pagination\"><\/div>\n\t\t\t\t\t\t\t\t\t<\/div>\n\t\t\t\t\t\t<\/div>\n\t\t\t\t<\/div>\n\t\t\t\t<\/div>\n\t\t\t\t\t<\/div>\n\t\t\t\t<\/div>\n\t\t<div class=\"elementor-element elementor-element-5a37b0b e-flex e-con-boxed e-con e-parent\" data-id=\"5a37b0b\" data-element_type=\"container\">\n\t\t\t\t\t<div class=\"e-con-inner\">\n\t\t\t\t<div class=\"elementor-element elementor-element-e324a5e elementor-widget elementor-widget-text-editor\" data-id=\"e324a5e\" data-element_type=\"widget\" data-widget_type=\"text-editor.default\">\n\t\t\t\t<div class=\"elementor-widget-container\">\n\t\t\t\t\t\t\t\t\t<h3 data-start=\"1596\" data-end=\"1631\"><strong data-start=\"1600\" data-end=\"1629\">Compromiso con la Calidad<\/strong><\/h3><p><span style=\"font-size: 19px;\">Garantizamos la seguridad de los productos mediante la detecci\u00f3n de contaminantes y residuos en grasas y aceites.<\/span><\/p><p data-start=\"1632\" data-end=\"1825\"><span style=\"font-size: 19px;\">Nuestro laboratorio cumple con los m\u00e1s altos est\u00e1ndares de precisi\u00f3n y fiabilidad, proporcionando informes detallados y asesoramiento experto para optimizar cada etapa del proceso productivo.<\/span><\/p>\t\t\t\t\t\t\t\t<\/div>\n\t\t\t\t<\/div>\n\t\t\t\t\t<\/div>\n\t\t\t\t<\/div>\n\t\t<div class=\"elementor-element elementor-element-5bd0f3e e-flex e-con-boxed e-con e-parent\" data-id=\"5bd0f3e\" data-element_type=\"container\">\n\t\t\t\t\t<div class=\"e-con-inner\">\n\t\t\t\t\t<\/div>\n\t\t\t\t<\/div>\n\t\t\t\t<\/div>","protected":false},"excerpt":{"rendered":"<p>Quienes somos Tu laboratorio de confianza en el mundo del aceite Con\u00f3ncenos En\u00a0Oleolab\u00a0disponemos de una gran oferta de\u00a0servicios anal\u00edticos\u00a0tanto de\u00a0aceites de oliva\u00a0como de grasas vegetales. Para ello contamos en nuestras instalaciones con\u00a0equipos de \u00faltima generaci\u00f3n\u00a0sujeto a\u00a0exhaustivos controles, m\u00e9todos de\u00a0an\u00e1lisis validados\u00a0basados en normas internacionales y un riguroso control que garantiza nuestros resultados seg\u00fan norma UNE EN [&hellip;]<\/p>","protected":false},"author":1,"featured_media":0,"parent":0,"menu_order":0,"comment_status":"closed","ping_status":"closed","template":"","meta":{"footnotes":""},"class_list":["post-749","page","type-page","status-publish","hentry"],"yoast_head":"<!-- This site is optimized with the Yoast SEO plugin v25.5 - https:\/\/yoast.com\/wordpress\/plugins\/seo\/ -->\n<title>Quienes Somos - OLEOLAB CRISMA<\/title>\n<meta name=\"robots\" content=\"index, follow, max-snippet:-1, max-image-preview:large, max-video-preview:-1\" \/>\n<link rel=\"canonical\" href=\"https:\/\/oleolaboratorio.com\/en\/quienes-somos\/\" \/>\n<meta property=\"og:locale\" content=\"en_GB\" \/>\n<meta property=\"og:type\" content=\"article\" \/>\n<meta property=\"og:title\" content=\"Quienes Somos - OLEOLAB CRISMA\" \/>\n<meta property=\"og:description\" content=\"Quienes somos Tu laboratorio de confianza en el mundo del aceite Con\u00f3ncenos En\u00a0Oleolab\u00a0disponemos de una gran oferta de\u00a0servicios anal\u00edticos\u00a0tanto de\u00a0aceites de oliva\u00a0como de grasas vegetales. Para ello contamos en nuestras instalaciones con\u00a0equipos de \u00faltima generaci\u00f3n\u00a0sujeto a\u00a0exhaustivos controles, m\u00e9todos de\u00a0an\u00e1lisis validados\u00a0basados en normas internacionales y un riguroso control que garantiza nuestros resultados seg\u00fan norma UNE EN [&hellip;]\" \/>\n<meta property=\"og:url\" content=\"https:\/\/oleolaboratorio.com\/en\/quienes-somos\/\" \/>\n<meta property=\"og:site_name\" content=\"OLEOLAB CRISMA\" \/>\n<meta property=\"article:modified_time\" content=\"2025-10-29T09:04:13+00:00\" \/>\n<meta property=\"og:image\" content=\"https:\/\/oleolaboratorio.com\/wp-content\/uploads\/2025\/03\/servicios-150x150.jpg\" \/>\n<meta name=\"twitter:card\" content=\"summary_large_image\" \/>\n<meta name=\"twitter:label1\" content=\"Estimated reading time\" \/>\n\t<meta name=\"twitter:data1\" content=\"4 minutes\" \/>\n<script type=\"application\/ld+json\" class=\"yoast-schema-graph\">{\"@context\":\"https:\/\/schema.org\",\"@graph\":[{\"@type\":\"WebPage\",\"@id\":\"https:\/\/oleolaboratorio.com\/quienes-somos\/\",\"url\":\"https:\/\/oleolaboratorio.com\/quienes-somos\/\",\"name\":\"Quienes Somos - OLEOLAB CRISMA\",\"isPartOf\":{\"@id\":\"https:\/\/oleolaboratorio.com\/#website\"},\"primaryImageOfPage\":{\"@id\":\"https:\/\/oleolaboratorio.com\/quienes-somos\/#primaryimage\"},\"image\":{\"@id\":\"https:\/\/oleolaboratorio.com\/quienes-somos\/#primaryimage\"},\"thumbnailUrl\":\"https:\/\/oleolaboratorio.com\/wp-content\/uploads\/2025\/03\/servicios-150x150.jpg\",\"datePublished\":\"2025-03-14T12:24:34+00:00\",\"dateModified\":\"2025-10-29T09:04:13+00:00\",\"breadcrumb\":{\"@id\":\"https:\/\/oleolaboratorio.com\/quienes-somos\/#breadcrumb\"},\"inLanguage\":\"en-GB\",\"potentialAction\":[{\"@type\":\"ReadAction\",\"target\":[\"https:\/\/oleolaboratorio.com\/quienes-somos\/\"]}]},{\"@type\":\"ImageObject\",\"inLanguage\":\"en-GB\",\"@id\":\"https:\/\/oleolaboratorio.com\/quienes-somos\/#primaryimage\",\"url\":\"https:\/\/oleolaboratorio.com\/wp-content\/uploads\/2025\/03\/servicios-150x150.jpg\",\"contentUrl\":\"https:\/\/oleolaboratorio.com\/wp-content\/uploads\/2025\/03\/servicios-150x150.jpg\"},{\"@type\":\"BreadcrumbList\",\"@id\":\"https:\/\/oleolaboratorio.com\/quienes-somos\/#breadcrumb\",\"itemListElement\":[{\"@type\":\"ListItem\",\"position\":1,\"name\":\"Portada\",\"item\":\"https:\/\/oleolaboratorio.com\/\"},{\"@type\":\"ListItem\",\"position\":2,\"name\":\"Quienes Somos\"}]},{\"@type\":\"WebSite\",\"@id\":\"https:\/\/oleolaboratorio.com\/#website\",\"url\":\"https:\/\/oleolaboratorio.com\/\",\"name\":\"OLEOLAB CRISMA\",\"description\":\"Expertos en An\u00e1lisis de Aceites de Oliva\",\"publisher\":{\"@id\":\"https:\/\/oleolaboratorio.com\/#organization\"},\"potentialAction\":[{\"@type\":\"SearchAction\",\"target\":{\"@type\":\"EntryPoint\",\"urlTemplate\":\"https:\/\/oleolaboratorio.com\/?s={search_term_string}\"},\"query-input\":{\"@type\":\"PropertyValueSpecification\",\"valueRequired\":true,\"valueName\":\"search_term_string\"}}],\"inLanguage\":\"en-GB\"},{\"@type\":\"Organization\",\"@id\":\"https:\/\/oleolaboratorio.com\/#organization\",\"name\":\"OLEOLAB CRISMA\",\"url\":\"https:\/\/oleolaboratorio.com\/\",\"logo\":{\"@type\":\"ImageObject\",\"inLanguage\":\"en-GB\",\"@id\":\"https:\/\/oleolaboratorio.com\/#\/schema\/logo\/image\/\",\"url\":\"https:\/\/oleolaboratorio.com\/wp-content\/uploads\/2025\/03\/logo.jpg\",\"contentUrl\":\"https:\/\/oleolaboratorio.com\/wp-content\/uploads\/2025\/03\/logo.jpg\",\"width\":187,\"height\":113,\"caption\":\"OLEOLAB CRISMA\"},\"image\":{\"@id\":\"https:\/\/oleolaboratorio.com\/#\/schema\/logo\/image\/\"}}]}<\/script>\n<!-- \/ Yoast SEO plugin. -->","yoast_head_json":{"title":"Quienes Somos - OLEOLAB CRISMA","robots":{"index":"index","follow":"follow","max-snippet":"max-snippet:-1","max-image-preview":"max-image-preview:large","max-video-preview":"max-video-preview:-1"},"canonical":"https:\/\/oleolaboratorio.com\/en\/quienes-somos\/","og_locale":"en_GB","og_type":"article","og_title":"Quienes Somos - OLEOLAB CRISMA","og_description":"Quienes somos Tu laboratorio de confianza en el mundo del aceite Con\u00f3ncenos En\u00a0Oleolab\u00a0disponemos de una gran oferta de\u00a0servicios anal\u00edticos\u00a0tanto de\u00a0aceites de oliva\u00a0como de grasas vegetales. Para ello contamos en nuestras instalaciones con\u00a0equipos de \u00faltima generaci\u00f3n\u00a0sujeto a\u00a0exhaustivos controles, m\u00e9todos de\u00a0an\u00e1lisis validados\u00a0basados en normas internacionales y un riguroso control que garantiza nuestros resultados seg\u00fan norma UNE EN [&hellip;]","og_url":"https:\/\/oleolaboratorio.com\/en\/quienes-somos\/","og_site_name":"OLEOLAB CRISMA","article_modified_time":"2025-10-29T09:04:13+00:00","og_image":[{"url":"https:\/\/oleolaboratorio.com\/wp-content\/uploads\/2025\/03\/servicios-150x150.jpg","type":"","width":"","height":""}],"twitter_card":"summary_large_image","twitter_misc":{"Estimated reading time":"4 minutes"},"schema":{"@context":"https:\/\/schema.org","@graph":[{"@type":"WebPage","@id":"https:\/\/oleolaboratorio.com\/quienes-somos\/","url":"https:\/\/oleolaboratorio.com\/quienes-somos\/","name":"Quienes Somos - OLEOLAB CRISMA","isPartOf":{"@id":"https:\/\/oleolaboratorio.com\/#website"},"primaryImageOfPage":{"@id":"https:\/\/oleolaboratorio.com\/quienes-somos\/#primaryimage"},"image":{"@id":"https:\/\/oleolaboratorio.com\/quienes-somos\/#primaryimage"},"thumbnailUrl":"https:\/\/oleolaboratorio.com\/wp-content\/uploads\/2025\/03\/servicios-150x150.jpg","datePublished":"2025-03-14T12:24:34+00:00","dateModified":"2025-10-29T09:04:13+00:00","breadcrumb":{"@id":"https:\/\/oleolaboratorio.com\/quienes-somos\/#breadcrumb"},"inLanguage":"en-GB","potentialAction":[{"@type":"ReadAction","target":["https:\/\/oleolaboratorio.com\/quienes-somos\/"]}]},{"@type":"ImageObject","inLanguage":"en-GB","@id":"https:\/\/oleolaboratorio.com\/quienes-somos\/#primaryimage","url":"https:\/\/oleolaboratorio.com\/wp-content\/uploads\/2025\/03\/servicios-150x150.jpg","contentUrl":"https:\/\/oleolaboratorio.com\/wp-content\/uploads\/2025\/03\/servicios-150x150.jpg"},{"@type":"BreadcrumbList","@id":"https:\/\/oleolaboratorio.com\/quienes-somos\/#breadcrumb","itemListElement":[{"@type":"ListItem","position":1,"name":"Portada","item":"https:\/\/oleolaboratorio.com\/"},{"@type":"ListItem","position":2,"name":"Quienes Somos"}]},{"@type":"WebSite","@id":"https:\/\/oleolaboratorio.com\/#website","url":"https:\/\/oleolaboratorio.com\/","name":"OLEOLAB CRISMA","description":"Expertos en An\u00e1lisis de Aceites de Oliva","publisher":{"@id":"https:\/\/oleolaboratorio.com\/#organization"},"potentialAction":[{"@type":"SearchAction","target":{"@type":"EntryPoint","urlTemplate":"https:\/\/oleolaboratorio.com\/?s={search_term_string}"},"query-input":{"@type":"PropertyValueSpecification","valueRequired":true,"valueName":"search_term_string"}}],"inLanguage":"en-GB"},{"@type":"Organization","@id":"https:\/\/oleolaboratorio.com\/#organization","name":"OLEOLAB CRISMA","url":"https:\/\/oleolaboratorio.com\/","logo":{"@type":"ImageObject","inLanguage":"en-GB","@id":"https:\/\/oleolaboratorio.com\/#\/schema\/logo\/image\/","url":"https:\/\/oleolaboratorio.com\/wp-content\/uploads\/2025\/03\/logo.jpg","contentUrl":"https:\/\/oleolaboratorio.com\/wp-content\/uploads\/2025\/03\/logo.jpg","width":187,"height":113,"caption":"OLEOLAB CRISMA"},"image":{"@id":"https:\/\/oleolaboratorio.com\/#\/schema\/logo\/image\/"}}]}},"_links":{"self":[{"href":"https:\/\/oleolaboratorio.com\/en\/wp-json\/wp\/v2\/pages\/749","targetHints":{"allow":["GET"]}}],"collection":[{"href":"https:\/\/oleolaboratorio.com\/en\/wp-json\/wp\/v2\/pages"}],"about":[{"href":"https:\/\/oleolaboratorio.com\/en\/wp-json\/wp\/v2\/types\/page"}],"author":[{"embeddable":true,"href":"https:\/\/oleolaboratorio.com\/en\/wp-json\/wp\/v2\/users\/1"}],"replies":[{"embeddable":true,"href":"https:\/\/oleolaboratorio.com\/en\/wp-json\/wp\/v2\/comments?post=749"}],"version-history":[{"count":16,"href":"https:\/\/oleolaboratorio.com\/en\/wp-json\/wp\/v2\/pages\/749\/revisions"}],"predecessor-version":[{"id":911,"href":"https:\/\/oleolaboratorio.com\/en\/wp-json\/wp\/v2\/pages\/749\/revisions\/911"}],"wp:attachment":[{"href":"https:\/\/oleolaboratorio.com\/en\/wp-json\/wp\/v2\/media?parent=749"}],"curies":[{"name":"wp","href":"https:\/\/api.w.org\/{rel}","templated":true}]}}