{"id":694,"date":"2025-03-14T11:25:07","date_gmt":"2025-03-14T11:25:07","guid":{"rendered":"https:\/\/oleolaboratorio.com\/?page_id=694"},"modified":"2025-03-14T13:57:50","modified_gmt":"2025-03-14T13:57:50","slug":"accesibilidad","status":"publish","type":"page","link":"https:\/\/oleolaboratorio.com\/en\/accesibilidad\/","title":{"rendered":"Accesibilidad"},"content":{"rendered":"<div data-elementor-type=\"wp-page\" data-elementor-id=\"694\" class=\"elementor elementor-694\">\n\t\t\t\t<div class=\"elementor-element elementor-element-cb3b82c e-flex e-con-boxed e-con e-parent\" data-id=\"cb3b82c\" data-element_type=\"container\">\n\t\t\t\t\t<div class=\"e-con-inner\">\n\t\t\t\t<div class=\"elementor-element elementor-element-bd30267 elementor-widget elementor-widget-text-editor\" data-id=\"bd30267\" data-element_type=\"widget\" data-widget_type=\"text-editor.default\">\n\t\t\t\t<div class=\"elementor-widget-container\">\n\t\t\t\t\t\t\t\t\t<div class=\"page-content\">\n<div class=\"block block-layout-builder block-field-blocknodepagebody\">\n<div class=\"clearfix text-formatted field field--name-body field--type-text-with-summary field--label-hidden field__item\"><\/div>\n<\/div>\n<\/div>\n<h2><strong>Declaraci\u00f3n de Accesibilidad<\/strong><\/h2>\n<p>La presente declaraci\u00f3n de accesibilidad se aplica al sitio web https:\/\/oleolaboratorio.com<\/p><p><br><\/p>\n<h3><strong>SITUACI\u00d3N DE CUMPLIMIENTO<\/strong><\/h3>\n<p>Este sitio web es parcialmente conforme con el RD 1112\/2018 debido a las excepciones y a la falta de conformidad de los aspectos que se indican en el siguiente punto.<\/p><p><br><\/p>\n<h3><strong>Medidas de apoyo a la accesibilidad<\/strong><\/h3>\n<p>https:\/\/oleolaboratorio.com &nbsp;toma las siguientes medidas para garantizar la accesibilidad de:<\/p>\n<ul>\n<li>Incluir la accesibilidad en nuestras pol\u00edticas internas y asignar metas y responsabilidades de accesibilidad claras.<\/li>\n<\/ul>\n<h3><strong><br><\/strong><\/h3><h3><strong>CONTENIDO NO ACCESIBLE<\/strong><\/h3>\n<p>El contenido que se recoge a continuaci\u00f3n no es accesible por lo siguiente:<\/p>\n<p><strong>Falta de conformidad con el RD 1112\/2018<\/strong><\/p>\n<ul>\n<li>Podr\u00edan existir algunos aspectos de contraste que no cumplan los m\u00ednimos exigidos, 3:1, con respecto a los colores adyacentes del fondo de la secci\u00f3n de la web en cuesti\u00f3n. [9.1.4.11 Contraste no textual]<\/li>\n<li>Podr\u00edan existir algunos elementos no textuales no etiquetados correctamente [2.5.3 Etiqueta en el nombre] y [4.1.2 Nombre funci\u00f3n y valor]<\/li>\n<li>Los buscadores buscan autom\u00e1ticamente sin necesidad de ordenar ninguna acci\u00f3n por parte del usuario [3.2.2 Al recibir entradas]<\/li>\n<li>Podr\u00edan existir algunos textos en otro idioma no etiquetados correctamente [3.1.2 Idioma de las partes]<\/li>\n<li>Podr\u00edan existir errores de c\u00f3digo puntuales de edici\u00f3n en alguna p\u00e1gina web. [4.1.1 Procesamiento]<\/li>\n<\/ul>\n<p><strong>Carga desproporcionada<\/strong><\/p>\n<ul>\n<li>No aplica.<\/li>\n<\/ul>\n<p><strong>El contenido no entra dentro del \u00e1mbito de la legislaci\u00f3n aplicable<\/strong><\/p>\n<h3><strong><br><\/strong><\/h3><h3><strong>PREPARACI\u00d3N DE LA SIGUIENTE DECLARACI\u00d3N DE ACCESIBILIDAD<\/strong><\/h3>\n<p>La presente declaraci\u00f3n fue preparada el 16 de diciembre de 2022.<\/p>\n<p>El m\u00e9todo empleado para preparar la declaraci\u00f3n ha sido una autoevaluaci\u00f3n llevada a cabo por oleolaboratorio.com<\/p>\n<h3><strong>OBSERVACIONES Y DATOS DE CONTACTO<\/strong><\/h3>\n<p>Puede realizar comunicaciones sobre requisitos de accesibilidad (art\u00edculo 10.2.a del RD 1112\/2018) como por ejemplo:<\/p>\n<ul>\n<li>Transmitir otras dificultades de acceso al contenido<\/li>\n<li>Informar sobre cualquier posible incumplimiento por parte de este sitio web<\/li>\n<li>Formular cualquier otra consulta o sugerencia de mejora relativa a la accesibilidad del sitio web<\/li>\n<\/ul>\n<p>A trav\u00e9s del formulario de contacto de este sitio web o a trav\u00e9s del n\u00famero de tel\u00e9fono (+34) 662 39 12 27<\/p>\n<p>Puede presentar:<\/p>\n<ul>\n<li>Queja relativa al cumplimiento de los requisitos del RD 1112\/2018 o Solicitud de Informaci\u00f3n accesible relativa a:\n<ul>\n<li>Contenidos que est\u00e1n excluidos del \u00e1mbito de aplicaci\u00f3n del RD 1112\/2018 seg\u00fan lo establecido por el art\u00edculo 3, apartado 4<\/li>\n<li>Contenidos que est\u00e1n exentos del cumplimiento de los requisitos de accesibilidad por imponer una carga desproporcionada.<\/li>\n<\/ul>\n<\/li>\n<\/ul>\n<p>En la Solicitud de informaci\u00f3n accesible, se debe concretar, con toda claridad, los hechos, razones y petici\u00f3n que permitan constatar que se trata de una solicitud razonable y leg\u00edtima.<\/p>\n<h3><strong>Especificaciones t\u00e9cnicas<\/strong><\/h3>\n<p>Accesibilidad de arquitecturamr.com se basa en las siguientes tecnolog\u00edas para funcionar con la combinaci\u00f3n particular de navegador web y cualquier tecnolog\u00eda de asistencia o complemento instalado en su computadora:<\/p>\n<ul>\n<li>HTML, CSS y JavaScript<\/li>\n<\/ul>\n<p>Se conf\u00eda en estas tecnolog\u00edas para cumplir con los est\u00e1ndares de accesibilidad utilizados.<\/p>\n<h3><strong>Enfoque de evaluaci\u00f3n<\/strong><\/h3>\n<p>Se ha evaluado la accesibilidad de la web de https:\/\/oleolaboratorio.com&nbsp;mediante el enfoque de Autoevaluaci\u00f3n<\/p>\n<h3><strong>PROCEDIMIENTO DE APLICACI\u00d3N<\/strong><\/h3>\n<p>Si una vez realizada una solicitud de informaci\u00f3n accesible o queja, \u00e9sta hubiera sido desestimada, no se estuviera de acuerdo con la decisi\u00f3n adoptada, o la respuesta no cumpliera los requisitos contemplados en el art\u00edculo 12.5, la persona interesada podr\u00e1 iniciar una reclamaci\u00f3n. Igualmente se podr\u00e1 iniciar una reclamaci\u00f3n en el caso de que haya transcurrido el plazo de veinte d\u00edas h\u00e1biles sin haber obtenido respuesta.<\/p>\n<p>La reclamaci\u00f3n puede ser presentada trav\u00e9s de la Instancia Gen\u00e9rica de la Sede electr\u00f3nica del Ministerio de Asuntos Econ\u00f3micos y Transformaci\u00f3n Digital, as\u00ed como en el resto de opciones recogidas en la Ley 39\/2015, de 1 de octubre, del Procedimiento Administrativo Com\u00fan de las Administraciones P\u00fablicas. Las reclamaciones ser\u00e1n recibidas y tratadas por la Subdirecci\u00f3n General de Inspecci\u00f3n de Servicios del Ministerio.<\/p>\n<h3><strong>CONTENIDO OPCIONAL<\/strong><\/h3>\n<p>Este portal est\u00e1 dise\u00f1ado para poder cambiar el tama\u00f1o del texto y el color, as\u00ed como el fondo de la p\u00e1gina mediante las opciones de configuraci\u00f3n est\u00e1ndar de los navegadores.<\/p>\n<p>Si desea cambiar el tama\u00f1o de letra del texto en los principales navegadores gr\u00e1ficos, utilice los siguientes men\u00fas:<\/p>\n<ul>\n<li><strong>Internet Explorer, Mozilla y Firefox:<\/strong> Ver &gt; Tama\u00f1o del texto<\/li>\n<li><strong>Opera:<\/strong> Ver &gt; Zoom<\/li>\n<li><strong>Safari:<\/strong> Ver &gt; Hacer el texto m\u00e1s grande<\/li>\n<li><strong>Chrome:<\/strong> Controla la p\u00e1gina actual &gt; Tama\u00f1o del texto<\/li>\n<\/ul>\n<p><strong>Para modificar el tama\u00f1o de todo en la p\u00e1gina:<\/strong><\/p>\n<ul>\n<li><strong>Ctrl + +<\/strong> para aumentarlo<\/li>\n<li><strong>Ctrl + \u2013<\/strong> para disminuirlo<\/li>\n<li><strong>Ctrl + 0<\/strong> restaura el tama\u00f1o original del texto<\/li>\n<\/ul>\n<footer id=\"colophon\" role=\"contentinfo\">\n<div class=\"footer-width-fixer\">\n<div class=\"elementor elementor-97\" data-elementor-type=\"wp-post\" data-elementor-id=\"97\">\n<div class=\"elementor-element elementor-element-316e1674 e-flex e-con-boxed wpr-particle-no wpr-jarallax-no wpr-parallax-no wpr-sticky-section-no e-con e-parent e-lazyloaded\" data-id=\"316e1674\" data-element_type=\"container\">\n<div class=\"e-con-inner\">\n<div class=\"elementor-element elementor-element-6161140f elementor-widget elementor-widget-spacer\" data-id=\"6161140f\" data-element_type=\"widget\" data-widget_type=\"spacer.default\"><\/div>\n<\/div>\n<\/div>\n<\/div>\n<\/div>\n<\/footer>\t\t\t\t\t\t\t\t<\/div>\n\t\t\t\t<\/div>\n\t\t\t\t\t<\/div>\n\t\t\t\t<\/div>\n\t\t\t\t<\/div>","protected":false},"excerpt":{"rendered":"<p>Declaraci\u00f3n de Accesibilidad La presente declaraci\u00f3n de accesibilidad se aplica al sitio web https:\/\/oleolaboratorio.com SITUACI\u00d3N DE CUMPLIMIENTO Este sitio web es parcialmente conforme con el RD 1112\/2018 debido a las excepciones y a la falta de conformidad de los aspectos que se indican en el siguiente punto. Medidas de apoyo a la accesibilidad https:\/\/oleolaboratorio.com &nbsp;toma [&hellip;]<\/p>","protected":false},"author":1,"featured_media":0,"parent":0,"menu_order":0,"comment_status":"closed","ping_status":"closed","template":"","meta":{"footnotes":""},"class_list":["post-694","page","type-page","status-publish","hentry"],"yoast_head":"<!-- This site is optimized with the Yoast SEO plugin v25.5 - https:\/\/yoast.com\/wordpress\/plugins\/seo\/ -->\n<title>Accesibilidad - OLEOLAB CRISMA<\/title>\n<meta name=\"robots\" content=\"index, follow, max-snippet:-1, max-image-preview:large, max-video-preview:-1\" \/>\n<link rel=\"canonical\" href=\"https:\/\/oleolaboratorio.com\/en\/accesibilidad\/\" \/>\n<meta property=\"og:locale\" content=\"en_GB\" \/>\n<meta property=\"og:type\" content=\"article\" \/>\n<meta property=\"og:title\" content=\"Accesibilidad - OLEOLAB CRISMA\" \/>\n<meta property=\"og:description\" content=\"Declaraci\u00f3n de Accesibilidad La presente declaraci\u00f3n de accesibilidad se aplica al sitio web https:\/\/oleolaboratorio.com SITUACI\u00d3N DE CUMPLIMIENTO Este sitio web es parcialmente conforme con el RD 1112\/2018 debido a las excepciones y a la falta de conformidad de los aspectos que se indican en el siguiente punto. Medidas de apoyo a la accesibilidad https:\/\/oleolaboratorio.com &nbsp;toma [&hellip;]\" \/>\n<meta property=\"og:url\" content=\"https:\/\/oleolaboratorio.com\/en\/accesibilidad\/\" \/>\n<meta property=\"og:site_name\" content=\"OLEOLAB CRISMA\" \/>\n<meta property=\"article:modified_time\" content=\"2025-03-14T13:57:50+00:00\" \/>\n<meta name=\"twitter:card\" content=\"summary_large_image\" \/>\n<meta name=\"twitter:label1\" content=\"Estimated reading time\" \/>\n\t<meta name=\"twitter:data1\" content=\"4 minutes\" \/>\n<script type=\"application\/ld+json\" class=\"yoast-schema-graph\">{\"@context\":\"https:\/\/schema.org\",\"@graph\":[{\"@type\":\"WebPage\",\"@id\":\"https:\/\/oleolaboratorio.com\/accesibilidad\/\",\"url\":\"https:\/\/oleolaboratorio.com\/accesibilidad\/\",\"name\":\"Accesibilidad - OLEOLAB CRISMA\",\"isPartOf\":{\"@id\":\"https:\/\/oleolaboratorio.com\/#website\"},\"datePublished\":\"2025-03-14T11:25:07+00:00\",\"dateModified\":\"2025-03-14T13:57:50+00:00\",\"breadcrumb\":{\"@id\":\"https:\/\/oleolaboratorio.com\/accesibilidad\/#breadcrumb\"},\"inLanguage\":\"en-GB\",\"potentialAction\":[{\"@type\":\"ReadAction\",\"target\":[\"https:\/\/oleolaboratorio.com\/accesibilidad\/\"]}]},{\"@type\":\"BreadcrumbList\",\"@id\":\"https:\/\/oleolaboratorio.com\/accesibilidad\/#breadcrumb\",\"itemListElement\":[{\"@type\":\"ListItem\",\"position\":1,\"name\":\"Portada\",\"item\":\"https:\/\/oleolaboratorio.com\/\"},{\"@type\":\"ListItem\",\"position\":2,\"name\":\"Accesibilidad\"}]},{\"@type\":\"WebSite\",\"@id\":\"https:\/\/oleolaboratorio.com\/#website\",\"url\":\"https:\/\/oleolaboratorio.com\/\",\"name\":\"OLEOLAB CRISMA\",\"description\":\"Expertos en An\u00e1lisis de Aceites de Oliva\",\"publisher\":{\"@id\":\"https:\/\/oleolaboratorio.com\/#organization\"},\"potentialAction\":[{\"@type\":\"SearchAction\",\"target\":{\"@type\":\"EntryPoint\",\"urlTemplate\":\"https:\/\/oleolaboratorio.com\/?s={search_term_string}\"},\"query-input\":{\"@type\":\"PropertyValueSpecification\",\"valueRequired\":true,\"valueName\":\"search_term_string\"}}],\"inLanguage\":\"en-GB\"},{\"@type\":\"Organization\",\"@id\":\"https:\/\/oleolaboratorio.com\/#organization\",\"name\":\"OLEOLAB CRISMA\",\"url\":\"https:\/\/oleolaboratorio.com\/\",\"logo\":{\"@type\":\"ImageObject\",\"inLanguage\":\"en-GB\",\"@id\":\"https:\/\/oleolaboratorio.com\/#\/schema\/logo\/image\/\",\"url\":\"https:\/\/oleolaboratorio.com\/wp-content\/uploads\/2025\/03\/logo.jpg\",\"contentUrl\":\"https:\/\/oleolaboratorio.com\/wp-content\/uploads\/2025\/03\/logo.jpg\",\"width\":187,\"height\":113,\"caption\":\"OLEOLAB CRISMA\"},\"image\":{\"@id\":\"https:\/\/oleolaboratorio.com\/#\/schema\/logo\/image\/\"}}]}<\/script>\n<!-- \/ Yoast SEO plugin. -->","yoast_head_json":{"title":"Accesibilidad - OLEOLAB CRISMA","robots":{"index":"index","follow":"follow","max-snippet":"max-snippet:-1","max-image-preview":"max-image-preview:large","max-video-preview":"max-video-preview:-1"},"canonical":"https:\/\/oleolaboratorio.com\/en\/accesibilidad\/","og_locale":"en_GB","og_type":"article","og_title":"Accesibilidad - OLEOLAB CRISMA","og_description":"Declaraci\u00f3n de Accesibilidad La presente declaraci\u00f3n de accesibilidad se aplica al sitio web https:\/\/oleolaboratorio.com SITUACI\u00d3N DE CUMPLIMIENTO Este sitio web es parcialmente conforme con el RD 1112\/2018 debido a las excepciones y a la falta de conformidad de los aspectos que se indican en el siguiente punto. Medidas de apoyo a la accesibilidad https:\/\/oleolaboratorio.com &nbsp;toma [&hellip;]","og_url":"https:\/\/oleolaboratorio.com\/en\/accesibilidad\/","og_site_name":"OLEOLAB CRISMA","article_modified_time":"2025-03-14T13:57:50+00:00","twitter_card":"summary_large_image","twitter_misc":{"Estimated reading time":"4 minutes"},"schema":{"@context":"https:\/\/schema.org","@graph":[{"@type":"WebPage","@id":"https:\/\/oleolaboratorio.com\/accesibilidad\/","url":"https:\/\/oleolaboratorio.com\/accesibilidad\/","name":"Accesibilidad - OLEOLAB CRISMA","isPartOf":{"@id":"https:\/\/oleolaboratorio.com\/#website"},"datePublished":"2025-03-14T11:25:07+00:00","dateModified":"2025-03-14T13:57:50+00:00","breadcrumb":{"@id":"https:\/\/oleolaboratorio.com\/accesibilidad\/#breadcrumb"},"inLanguage":"en-GB","potentialAction":[{"@type":"ReadAction","target":["https:\/\/oleolaboratorio.com\/accesibilidad\/"]}]},{"@type":"BreadcrumbList","@id":"https:\/\/oleolaboratorio.com\/accesibilidad\/#breadcrumb","itemListElement":[{"@type":"ListItem","position":1,"name":"Portada","item":"https:\/\/oleolaboratorio.com\/"},{"@type":"ListItem","position":2,"name":"Accesibilidad"}]},{"@type":"WebSite","@id":"https:\/\/oleolaboratorio.com\/#website","url":"https:\/\/oleolaboratorio.com\/","name":"OLEOLAB CRISMA","description":"Expertos en An\u00e1lisis de Aceites de Oliva","publisher":{"@id":"https:\/\/oleolaboratorio.com\/#organization"},"potentialAction":[{"@type":"SearchAction","target":{"@type":"EntryPoint","urlTemplate":"https:\/\/oleolaboratorio.com\/?s={search_term_string}"},"query-input":{"@type":"PropertyValueSpecification","valueRequired":true,"valueName":"search_term_string"}}],"inLanguage":"en-GB"},{"@type":"Organization","@id":"https:\/\/oleolaboratorio.com\/#organization","name":"OLEOLAB CRISMA","url":"https:\/\/oleolaboratorio.com\/","logo":{"@type":"ImageObject","inLanguage":"en-GB","@id":"https:\/\/oleolaboratorio.com\/#\/schema\/logo\/image\/","url":"https:\/\/oleolaboratorio.com\/wp-content\/uploads\/2025\/03\/logo.jpg","contentUrl":"https:\/\/oleolaboratorio.com\/wp-content\/uploads\/2025\/03\/logo.jpg","width":187,"height":113,"caption":"OLEOLAB CRISMA"},"image":{"@id":"https:\/\/oleolaboratorio.com\/#\/schema\/logo\/image\/"}}]}},"_links":{"self":[{"href":"https:\/\/oleolaboratorio.com\/en\/wp-json\/wp\/v2\/pages\/694","targetHints":{"allow":["GET"]}}],"collection":[{"href":"https:\/\/oleolaboratorio.com\/en\/wp-json\/wp\/v2\/pages"}],"about":[{"href":"https:\/\/oleolaboratorio.com\/en\/wp-json\/wp\/v2\/types\/page"}],"author":[{"embeddable":true,"href":"https:\/\/oleolaboratorio.com\/en\/wp-json\/wp\/v2\/users\/1"}],"replies":[{"embeddable":true,"href":"https:\/\/oleolaboratorio.com\/en\/wp-json\/wp\/v2\/comments?post=694"}],"version-history":[{"count":4,"href":"https:\/\/oleolaboratorio.com\/en\/wp-json\/wp\/v2\/pages\/694\/revisions"}],"predecessor-version":[{"id":829,"href":"https:\/\/oleolaboratorio.com\/en\/wp-json\/wp\/v2\/pages\/694\/revisions\/829"}],"wp:attachment":[{"href":"https:\/\/oleolaboratorio.com\/en\/wp-json\/wp\/v2\/media?parent=694"}],"curies":[{"name":"wp","href":"https:\/\/api.w.org\/{rel}","templated":true}]}}