{"id":692,"date":"2025-03-14T11:25:00","date_gmt":"2025-03-14T11:25:00","guid":{"rendered":"https:\/\/oleolaboratorio.com\/?page_id=692"},"modified":"2025-11-03T07:20:05","modified_gmt":"2025-11-03T07:20:05","slug":"aviso-legal","status":"publish","type":"page","link":"https:\/\/oleolaboratorio.com\/en\/aviso-legal\/","title":{"rendered":"Aviso legal"},"content":{"rendered":"<p>&nbsp;<\/p>\n<div class=\"page-header\">\n<h1 class=\"entry-title\">Aviso legal<\/h1>\n<\/div>\n<div class=\"page-content\">\n<p><strong>AVISO LEGAL<\/strong> En cumplimiento con el deber de informaci\u00f3n recogido en el art\u00edculo 10 de la Ley 34\/2002 de 11 de julio de Servicios de la Sociedad de la informaci\u00f3n y del Comercio Electr\u00f3nico, Oleolab en AV. EUROPA, 29 &#8211; BAJO Alcal\u00e1 la Real\u00a0 . Pone a disposici\u00f3n de los usuarios el presente documento y as\u00ed informar del sitio web respecto a los cuales son las condiciones de uso del mismo.<\/p>\n<p>Oleolab es una sociedad domiciliada a efectos de la presente informaci\u00f3n en\u00a0 AV. EUROPA, 29 &#8211; BAJO Alcal\u00e1 la Real\u00a0 Ja\u00e9n (Espa\u00f1a), y es en la actualidad la encargada de la explotaci\u00f3n, gesti\u00f3n y funcionamiento del sitio web.<\/p>\n<p>Puede contactar con Oleolab a trav\u00e9s del tel\u00e9fono de atenci\u00f3n al cliente\u00a0 953581245, nuestro correo electr\u00f3nico info@oleo-lab.com o por el formulario de contacto disponible en nuestra p\u00e1gina web.<\/p>\n<h3><strong>CONDICIONES GENERALES DE USO DEL PORTAL WEB<\/strong><\/h3>\n<p><strong>Objeto de las condiciones generales de uso.<\/strong> Oleolab ofrece acceso a su sitio web a fin de facilitar al p\u00fablico el conocimiento de los productos y servicios que ofrece, rigi\u00e9ndose el mismo bajo los siguientes t\u00e9rminos y condiciones generales de utilizaci\u00f3n, los cuales se compromete a respetar en su integridad el usuario, siendo \u00fanico responsable de su incumplimiento frente a Oleolab y terceros. Dichas Condiciones ser\u00e1n de aplicaci\u00f3n independientemente de las Condiciones Generales de Contrataci\u00f3n de Oleolab que en su caso resulten de obligado cumplimiento.<\/p>\n<h3><strong>Productos y servicios<\/strong><\/h3>\n<p>La informaci\u00f3n relativa a los servicios que se ofrecen en el sitio web de Oleolab , se encuentra contenida en la misma p\u00e1gina en donde dicho servicio se ofrece. Para un mayor detalle puede contactar con Oleolab a trav\u00e9s de cualquier medio disponible. Se informa que los precios rese\u00f1ados para los distintos productos y servicios no incluyen en todo caso los impuestos finales de legal aplicaci\u00f3n.<\/p>\n<h3><strong>Protecci\u00f3n de Datos de Car\u00e1cter Personal<\/strong><\/h3>\n<p>Los datos de car\u00e1cter personal de los usuarios de la web ser\u00e1n tratados de conformidad con los principios, derechos y garant\u00edas establecidas en el Reglamento (UE) 2016\/679 del Parlamento Europeo y del Consejo de 27 de abril de 2016 relativo a la protecci\u00f3n de las personas f\u00edsicas en lo que respecta al tratamiento de datos personales y a la libre circulaci\u00f3n de estos datos y en la Ley Org\u00e1nica 3\/2018 de 5 de diciembre de Protecci\u00f3n de Datos de Car\u00e1cter Personal y Garant\u00eda de Derecho Digitales. Podr\u00e1 consultar la pol\u00edtica de privacidad completa en<\/p>\n<p>La web de Oleolab utiliza cookies propias y de terceros para gestionar el portal y recabar informaci\u00f3n sobre la utilizaci\u00f3n del mismo. Puede obtener informaci\u00f3n adicional visitando nuestra Pol\u00edtica de Cookies en<\/p>\n<h3><strong>Propiedad intelectual e industrial<\/strong><\/h3>\n<p>Los derechos de propiedad intelectual del sitio web, incluyendo c\u00f3digo fuente, dise\u00f1o, estructura, bases de datos y dem\u00e1s elementos pertenecen a Oleolab al que corresponde el ejercicio exclusivo de los derechos de explotaci\u00f3n, reproducci\u00f3n, distribuci\u00f3n, comunicaci\u00f3n p\u00fablica, puesta a disposici\u00f3n y transformaci\u00f3n.<\/p>\n<h3><strong>Responsabilidad<\/strong><\/h3>\n<p>El acceso y uso de esta web y su contenido ser\u00e1 bajo la plena y exclusiva responsabilidad del usuario. Oleolab no se hace responsable de los eventuales errores de seguridad o los da\u00f1os que puedan derivarse en el sistema inform\u00e1tico del usuario, los ficheros o archivos almacenados en este, con motivo de la existencia de virus, malware o similar en los equipos inform\u00e1ticos utilizados por el usuario para el acceso a la web. Oleolab tampoco asume responsabilidad por los contenidos a los que se accede mediante enlaces de terceros contenidos en la web, ni puede garantizar la ausencia de virus, malware y similares que puedan provocar da\u00f1os en el sistema inform\u00e1tico del usuario.<\/p>\n<p>Oleolab no puede garantizar la inexistencia de errores en el contenido de la web o en su vigencia, ni tampoco su plena disponibilidad, aunque procurar\u00e1 su eliminaci\u00f3n, subsanaci\u00f3n o actualizaci\u00f3n. Oleolab se reserva la facultad de modificar o actualizar el contenido del sitio web en cualquier momento y por cualquier causa, sin necesidad de aviso previo a los usuarios.<\/p>\n<p>Los menores de edad no podr\u00e1n hacer uso de los servicios disponibles en la web sin la supervisi\u00f3n de sus padres o de su representante legal, qui\u00e9nes ser\u00e1n responsables delos actos realizados por estos.<\/p>\n<p>No obstante y en cumplimiento de lo dispuesto en el art\u00edculo 11 y 16 de la Ley 34\/2002 de 11 de Julio de Servicios de la Sociedad de la informaci\u00f3n y del Comercio Electr\u00f3nico, Oleolab se pone a disposici\u00f3n de todos los usuarios, autoridades y fuerzas de seguridad, y colaborando de forma activa en la retirada o en su caso bloqueo de todos aquellos contenidos que pudieran afectar o contravenir la legislaci\u00f3n nacional, o internacional, derechos de terceros o la moral y el orden p\u00fablico. En caso de que el usuario considere que exista en el sitio web alg\u00fan contenido que pudiera ser susceptible de esta clasificaci\u00f3n, se ruega lo notifique de forma inmediata al administrador del sitio web.<\/p>\n<h3><strong>Autenticaci\u00f3n zona privada clientes<\/strong><\/h3>\n<p>El cliente de Oleolab podr\u00e1 acceder a la zona privada de clientes mediante el sistema de autenticaci\u00f3n dispuesto por el operador. El cliente deber\u00e1 utilizar los identificadores y contrase\u00f1as de exclusivo uso personal proporcionado por\u00a0<b> Oleolab <\/b>para su acceso, que permanecer\u00e1n bajo la custodia y responsabilidad del cliente, debiendo ser conservadas bajo la m\u00e1s estricta confidencialidad.<\/p>\n<h3><strong>LEY APLICABLE Y RESOLUCI\u00d3N DE CONFLICTOS<\/strong><\/h3>\n<p>Cualquier controversia sobre la aplicaci\u00f3n, ejecuci\u00f3n o interpretaci\u00f3n de las condiciones generales de uso de este sitio web se regir\u00e1 por la legislaci\u00f3n espa\u00f1ola. En todo caso, las partes se someten expresamente con renuncia a cualquier otro fuero a los Juzgados y Tribunales de Ja\u00e9n.<\/p>\n<\/div>\n<p>&nbsp;<\/p>\n<footer id=\"colophon\" role=\"contentinfo\">\n<div class=\"footer-width-fixer\">\n<div class=\"elementor elementor-312\" data-elementor-type=\"wp-post\" data-elementor-id=\"312\">\n<div class=\"elementor-element elementor-element-e965a62 e-flex e-con-boxed wpr-particle-no wpr-jarallax-no wpr-parallax-no wpr-sticky-section-no e-con e-parent e-lazyloaded\" data-id=\"e965a62\" data-element_type=\"container\">\n<div class=\"e-con-inner\">\n<div class=\"elementor-element elementor-element-b9a07be elementor-widget elementor-widget-spacer\" data-id=\"b9a07be\" data-element_type=\"widget\" data-widget_type=\"spacer.default\">\n<div class=\"elementor-widget-container\">\n<div class=\"elementor-spacer\">\n<div class=\"elementor-spacer-inner\"><\/div>\n<\/div>\n<\/div>\n<\/div>\n<\/div>\n<\/div>\n<div id=\"contenedorkitdigital\" class=\"elementor-element elementor-element-05cc83e e-flex e-con-boxed wpr-particle-no wpr-jarallax-no wpr-parallax-no wpr-sticky-section-no e-con e-parent e-lazyloaded\" data-id=\"05cc83e\" data-element_type=\"container\">\n<div class=\"e-con-inner\">\n<div class=\"elementor-element elementor-element-e92f3e8 elementor-widget elementor-widget-image\" data-id=\"e92f3e8\" data-element_type=\"widget\" data-widget_type=\"image.default\">\n<div class=\"elementor-widget-container\"><\/div>\n<\/div>\n<\/div>\n<\/div>\n<\/div>\n<\/div>\n<\/footer>","protected":false},"excerpt":{"rendered":"<p>&nbsp; Aviso legal AVISO LEGAL En cumplimiento con el deber de informaci\u00f3n recogido en el art\u00edculo 10 de la Ley 34\/2002 de 11 de julio de Servicios de la Sociedad de la informaci\u00f3n y del Comercio Electr\u00f3nico, Oleolab en AV. EUROPA, 29 &#8211; BAJO Alcal\u00e1 la Real\u00a0 . Pone a disposici\u00f3n de los usuarios el [&hellip;]<\/p>","protected":false},"author":1,"featured_media":0,"parent":0,"menu_order":0,"comment_status":"closed","ping_status":"closed","template":"","meta":{"footnotes":""},"class_list":["post-692","page","type-page","status-publish","hentry"],"yoast_head":"<!-- This site is optimized with the Yoast SEO plugin v25.5 - https:\/\/yoast.com\/wordpress\/plugins\/seo\/ -->\n<title>Aviso legal - OLEOLAB CRISMA<\/title>\n<meta name=\"robots\" content=\"index, follow, max-snippet:-1, max-image-preview:large, max-video-preview:-1\" \/>\n<link rel=\"canonical\" href=\"https:\/\/oleolaboratorio.com\/en\/aviso-legal\/\" \/>\n<meta property=\"og:locale\" content=\"en_GB\" \/>\n<meta property=\"og:type\" content=\"article\" \/>\n<meta property=\"og:title\" content=\"Aviso legal - OLEOLAB CRISMA\" \/>\n<meta property=\"og:description\" content=\"&nbsp; Aviso legal AVISO LEGAL En cumplimiento con el deber de informaci\u00f3n recogido en el art\u00edculo 10 de la Ley 34\/2002 de 11 de julio de Servicios de la Sociedad de la informaci\u00f3n y del Comercio Electr\u00f3nico, Oleolab en AV. EUROPA, 29 &#8211; BAJO Alcal\u00e1 la Real\u00a0 . Pone a disposici\u00f3n de los usuarios el [&hellip;]\" \/>\n<meta property=\"og:url\" content=\"https:\/\/oleolaboratorio.com\/en\/aviso-legal\/\" \/>\n<meta property=\"og:site_name\" content=\"OLEOLAB CRISMA\" \/>\n<meta property=\"article:modified_time\" content=\"2025-11-03T07:20:05+00:00\" \/>\n<meta name=\"twitter:card\" content=\"summary_large_image\" \/>\n<meta name=\"twitter:label1\" content=\"Estimated reading time\" \/>\n\t<meta name=\"twitter:data1\" content=\"5 minutes\" \/>\n<script type=\"application\/ld+json\" class=\"yoast-schema-graph\">{\"@context\":\"https:\/\/schema.org\",\"@graph\":[{\"@type\":\"WebPage\",\"@id\":\"https:\/\/oleolaboratorio.com\/aviso-legal\/\",\"url\":\"https:\/\/oleolaboratorio.com\/aviso-legal\/\",\"name\":\"Aviso legal - OLEOLAB CRISMA\",\"isPartOf\":{\"@id\":\"https:\/\/oleolaboratorio.com\/#website\"},\"datePublished\":\"2025-03-14T11:25:00+00:00\",\"dateModified\":\"2025-11-03T07:20:05+00:00\",\"breadcrumb\":{\"@id\":\"https:\/\/oleolaboratorio.com\/aviso-legal\/#breadcrumb\"},\"inLanguage\":\"en-GB\",\"potentialAction\":[{\"@type\":\"ReadAction\",\"target\":[\"https:\/\/oleolaboratorio.com\/aviso-legal\/\"]}]},{\"@type\":\"BreadcrumbList\",\"@id\":\"https:\/\/oleolaboratorio.com\/aviso-legal\/#breadcrumb\",\"itemListElement\":[{\"@type\":\"ListItem\",\"position\":1,\"name\":\"Portada\",\"item\":\"https:\/\/oleolaboratorio.com\/\"},{\"@type\":\"ListItem\",\"position\":2,\"name\":\"Aviso legal\"}]},{\"@type\":\"WebSite\",\"@id\":\"https:\/\/oleolaboratorio.com\/#website\",\"url\":\"https:\/\/oleolaboratorio.com\/\",\"name\":\"OLEOLAB CRISMA\",\"description\":\"Expertos en An\u00e1lisis de Aceites de Oliva\",\"publisher\":{\"@id\":\"https:\/\/oleolaboratorio.com\/#organization\"},\"potentialAction\":[{\"@type\":\"SearchAction\",\"target\":{\"@type\":\"EntryPoint\",\"urlTemplate\":\"https:\/\/oleolaboratorio.com\/?s={search_term_string}\"},\"query-input\":{\"@type\":\"PropertyValueSpecification\",\"valueRequired\":true,\"valueName\":\"search_term_string\"}}],\"inLanguage\":\"en-GB\"},{\"@type\":\"Organization\",\"@id\":\"https:\/\/oleolaboratorio.com\/#organization\",\"name\":\"OLEOLAB CRISMA\",\"url\":\"https:\/\/oleolaboratorio.com\/\",\"logo\":{\"@type\":\"ImageObject\",\"inLanguage\":\"en-GB\",\"@id\":\"https:\/\/oleolaboratorio.com\/#\/schema\/logo\/image\/\",\"url\":\"https:\/\/oleolaboratorio.com\/wp-content\/uploads\/2025\/03\/logo.jpg\",\"contentUrl\":\"https:\/\/oleolaboratorio.com\/wp-content\/uploads\/2025\/03\/logo.jpg\",\"width\":187,\"height\":113,\"caption\":\"OLEOLAB CRISMA\"},\"image\":{\"@id\":\"https:\/\/oleolaboratorio.com\/#\/schema\/logo\/image\/\"}}]}<\/script>\n<!-- \/ Yoast SEO plugin. -->","yoast_head_json":{"title":"Aviso legal - OLEOLAB CRISMA","robots":{"index":"index","follow":"follow","max-snippet":"max-snippet:-1","max-image-preview":"max-image-preview:large","max-video-preview":"max-video-preview:-1"},"canonical":"https:\/\/oleolaboratorio.com\/en\/aviso-legal\/","og_locale":"en_GB","og_type":"article","og_title":"Aviso legal - OLEOLAB CRISMA","og_description":"&nbsp; Aviso legal AVISO LEGAL En cumplimiento con el deber de informaci\u00f3n recogido en el art\u00edculo 10 de la Ley 34\/2002 de 11 de julio de Servicios de la Sociedad de la informaci\u00f3n y del Comercio Electr\u00f3nico, Oleolab en AV. EUROPA, 29 &#8211; BAJO Alcal\u00e1 la Real\u00a0 . Pone a disposici\u00f3n de los usuarios el [&hellip;]","og_url":"https:\/\/oleolaboratorio.com\/en\/aviso-legal\/","og_site_name":"OLEOLAB CRISMA","article_modified_time":"2025-11-03T07:20:05+00:00","twitter_card":"summary_large_image","twitter_misc":{"Estimated reading time":"5 minutes"},"schema":{"@context":"https:\/\/schema.org","@graph":[{"@type":"WebPage","@id":"https:\/\/oleolaboratorio.com\/aviso-legal\/","url":"https:\/\/oleolaboratorio.com\/aviso-legal\/","name":"Aviso legal - OLEOLAB CRISMA","isPartOf":{"@id":"https:\/\/oleolaboratorio.com\/#website"},"datePublished":"2025-03-14T11:25:00+00:00","dateModified":"2025-11-03T07:20:05+00:00","breadcrumb":{"@id":"https:\/\/oleolaboratorio.com\/aviso-legal\/#breadcrumb"},"inLanguage":"en-GB","potentialAction":[{"@type":"ReadAction","target":["https:\/\/oleolaboratorio.com\/aviso-legal\/"]}]},{"@type":"BreadcrumbList","@id":"https:\/\/oleolaboratorio.com\/aviso-legal\/#breadcrumb","itemListElement":[{"@type":"ListItem","position":1,"name":"Portada","item":"https:\/\/oleolaboratorio.com\/"},{"@type":"ListItem","position":2,"name":"Aviso legal"}]},{"@type":"WebSite","@id":"https:\/\/oleolaboratorio.com\/#website","url":"https:\/\/oleolaboratorio.com\/","name":"OLEOLAB CRISMA","description":"Expertos en An\u00e1lisis de Aceites de Oliva","publisher":{"@id":"https:\/\/oleolaboratorio.com\/#organization"},"potentialAction":[{"@type":"SearchAction","target":{"@type":"EntryPoint","urlTemplate":"https:\/\/oleolaboratorio.com\/?s={search_term_string}"},"query-input":{"@type":"PropertyValueSpecification","valueRequired":true,"valueName":"search_term_string"}}],"inLanguage":"en-GB"},{"@type":"Organization","@id":"https:\/\/oleolaboratorio.com\/#organization","name":"OLEOLAB CRISMA","url":"https:\/\/oleolaboratorio.com\/","logo":{"@type":"ImageObject","inLanguage":"en-GB","@id":"https:\/\/oleolaboratorio.com\/#\/schema\/logo\/image\/","url":"https:\/\/oleolaboratorio.com\/wp-content\/uploads\/2025\/03\/logo.jpg","contentUrl":"https:\/\/oleolaboratorio.com\/wp-content\/uploads\/2025\/03\/logo.jpg","width":187,"height":113,"caption":"OLEOLAB CRISMA"},"image":{"@id":"https:\/\/oleolaboratorio.com\/#\/schema\/logo\/image\/"}}]}},"_links":{"self":[{"href":"https:\/\/oleolaboratorio.com\/en\/wp-json\/wp\/v2\/pages\/692","targetHints":{"allow":["GET"]}}],"collection":[{"href":"https:\/\/oleolaboratorio.com\/en\/wp-json\/wp\/v2\/pages"}],"about":[{"href":"https:\/\/oleolaboratorio.com\/en\/wp-json\/wp\/v2\/types\/page"}],"author":[{"embeddable":true,"href":"https:\/\/oleolaboratorio.com\/en\/wp-json\/wp\/v2\/users\/1"}],"replies":[{"embeddable":true,"href":"https:\/\/oleolaboratorio.com\/en\/wp-json\/wp\/v2\/comments?post=692"}],"version-history":[{"count":5,"href":"https:\/\/oleolaboratorio.com\/en\/wp-json\/wp\/v2\/pages\/692\/revisions"}],"predecessor-version":[{"id":928,"href":"https:\/\/oleolaboratorio.com\/en\/wp-json\/wp\/v2\/pages\/692\/revisions\/928"}],"wp:attachment":[{"href":"https:\/\/oleolaboratorio.com\/en\/wp-json\/wp\/v2\/media?parent=692"}],"curies":[{"name":"wp","href":"https:\/\/api.w.org\/{rel}","templated":true}]}}